{"id":385,"date":"2014-05-22T10:09:45","date_gmt":"2014-05-22T08:09:45","guid":{"rendered":"http:\/\/www.rops-bialystok.pl\/problemyspoleczne\/?page_id=385"},"modified":"2024-03-28T12:19:58","modified_gmt":"2024-03-28T11:19:58","slug":"kontakt","status":"publish","type":"page","link":"http:\/\/www.rops-bialystok.pl\/problemyspoleczne\/?page_id=385","title":{"rendered":"Kontakt"},"content":{"rendered":"<p style=\"text-align: left; padding-left: 30px;\"><strong><br class=\"none\" \/>Regionalny O\u015brodek Polityki Spo\u0142ecznej w Bia\u0142ymstoku<br \/>\n<\/strong><\/p>\n<p style=\"text-align: left; padding-left: 30px;\"><span data-wahfont=\"18\">15-688 Bia\u0142ystok, ul. gen. George\u2019a Smitha Pattona 8<\/span><\/p>\n<p style=\"text-align: left; padding-left: 30px;\">tel. 85 744 72 72,<\/p>\n<p style=\"text-align: left; padding-left: 30px;\">fax. 85 744 73 38<\/p>\n<p style=\"text-align: left; padding-left: 30px;\"><a href=\"mailto:rops@rops.wrotapodlasia.pl\">rops@rops-bialystok.pl<\/a><\/p>\n<p style=\"text-align: left; padding-left: 30px;\"><strong>\u00a0<\/strong><\/p>\n","protected":false},"excerpt":{"rendered":"<p>Regionalny O\u015brodek Polityki Spo\u0142ecznej w Bia\u0142ymstoku 15-688 Bia\u0142ystok, ul. gen. George\u2019a Smitha Pattona 8 tel. 85 744 72 72, fax. 85 744 73 38 rops@rops-bialystok.pl \u00a0<\/p>\n","protected":false},"author":5,"featured_media":0,"parent":0,"menu_order":0,"comment_status":"closed","ping_status":"closed","template":"","meta":[],"_links":{"self":[{"href":"http:\/\/www.rops-bialystok.pl\/problemyspoleczne\/index.php?rest_route=\/wp\/v2\/pages\/385"}],"collection":[{"href":"http:\/\/www.rops-bialystok.pl\/problemyspoleczne\/index.php?rest_route=\/wp\/v2\/pages"}],"about":[{"href":"http:\/\/www.rops-bialystok.pl\/problemyspoleczne\/index.php?rest_route=\/wp\/v2\/types\/page"}],"author":[{"embeddable":true,"href":"http:\/\/www.rops-bialystok.pl\/problemyspoleczne\/index.php?rest_route=\/wp\/v2\/users\/5"}],"replies":[{"embeddable":true,"href":"http:\/\/www.rops-bialystok.pl\/problemyspoleczne\/index.php?rest_route=%2Fwp%2Fv2%2Fcomments&post=385"}],"version-history":[{"count":18,"href":"http:\/\/www.rops-bialystok.pl\/problemyspoleczne\/index.php?rest_route=\/wp\/v2\/pages\/385\/revisions"}],"predecessor-version":[{"id":1173,"href":"http:\/\/www.rops-bialystok.pl\/problemyspoleczne\/index.php?rest_route=\/wp\/v2\/pages\/385\/revisions\/1173"}],"wp:attachment":[{"href":"http:\/\/www.rops-bialystok.pl\/problemyspoleczne\/index.php?rest_route=%2Fwp%2Fv2%2Fmedia&parent=385"}],"curies":[{"name":"wp","href":"https:\/\/api.w.org\/{rel}","templated":true}]}}