{"id":491,"date":"2014-07-22T12:48:26","date_gmt":"2014-07-22T10:48:26","guid":{"rendered":"http:\/\/www.rops-bialystok.pl\/problemyspoleczne\/?page_id=491"},"modified":"2023-06-01T10:32:16","modified_gmt":"2023-06-01T08:32:16","slug":"odsetek-mieszkancow-gmin-wojewodztwa-podlaskiego-ktorym-udzielono-pomocy-i-wsparcia-rok-2012","status":"publish","type":"page","link":"http:\/\/www.rops-bialystok.pl\/problemyspoleczne\/?page_id=491","title":{"rendered":"Odsetek mieszka\u0144c\u00f3w gmin wojew\u00f3dztwa podlaskiego, kt\u00f3rym udzielono pomocy i wsparcia"},"content":{"rendered":"<p><script type='text\/javascript' src='https:\/\/public.tableau.com\/javascripts\/api\/viz_v1.js'><\/script><\/p>\n<div class=\"tableauPlaceholder\" style=\"width: 1000px; height: 900px;\"><noscript><a href='#'><img alt=' ' src='https:&#47;&#47;public.tableau.com&#47;static&#47;images&#47;Od&#47;Odsetekmieszkacwgminwojewdztwapodlaskiegoktrymudzielonopomocyiwsparcia&#47;Rok2020&#47;1_rss.png' style='border: none' \/><\/a><\/noscript><object class=\"tableauViz\" style=\"display: none;\" width=\"100%\" height=\"1000\"><param name=\"host_url\" value=\"https%3A%2F%2Fpublic.tableau.com%2F\" \/><param name=\"site_root\" value=\"\" \/><param name=\"name\" value=\"Odsetekmieszkacwgminwojewdztwapodlaskiegoktrymudzielonopomocyiwsparcia\/Rok2020\" \/><param name=\"tabs\" value=\"yes\" \/><param name=\"toolbar\" value=\"yes\" \/><param name=\"static_image\" value=\"https:\/\/public.tableau.com\/static\/images\/Od\/Odsetekmieszkacwgminwojewdztwapodlaskiegoktrymudzielonopomocyiwsparcia\/Rok2020\/1.png\" \/><param name=\"animate_transition\" value=\"yes\" \/><param name=\"display_static_image\" value=\"yes\" \/><param name=\"display_spinner\" value=\"yes\" \/><param name=\"display_overlay\" value=\"yes\" \/><param name=\"display_count\" value=\"yes\" \/><param name=\"showVizHome\" value=\"no\" \/><param name=\"showTabs\" value=\"y\" \/><param name=\"bootstrapWhenNotified\" value=\"true\" \/><\/object><\/div>\n","protected":false},"excerpt":{"rendered":"","protected":false},"author":5,"featured_media":0,"parent":0,"menu_order":0,"comment_status":"closed","ping_status":"closed","template":"","meta":[],"_links":{"self":[{"href":"http:\/\/www.rops-bialystok.pl\/problemyspoleczne\/index.php?rest_route=\/wp\/v2\/pages\/491"}],"collection":[{"href":"http:\/\/www.rops-bialystok.pl\/problemyspoleczne\/index.php?rest_route=\/wp\/v2\/pages"}],"about":[{"href":"http:\/\/www.rops-bialystok.pl\/problemyspoleczne\/index.php?rest_route=\/wp\/v2\/types\/page"}],"author":[{"embeddable":true,"href":"http:\/\/www.rops-bialystok.pl\/problemyspoleczne\/index.php?rest_route=\/wp\/v2\/users\/5"}],"replies":[{"embeddable":true,"href":"http:\/\/www.rops-bialystok.pl\/problemyspoleczne\/index.php?rest_route=%2Fwp%2Fv2%2Fcomments&post=491"}],"version-history":[{"count":89,"href":"http:\/\/www.rops-bialystok.pl\/problemyspoleczne\/index.php?rest_route=\/wp\/v2\/pages\/491\/revisions"}],"predecessor-version":[{"id":1107,"href":"http:\/\/www.rops-bialystok.pl\/problemyspoleczne\/index.php?rest_route=\/wp\/v2\/pages\/491\/revisions\/1107"}],"wp:attachment":[{"href":"http:\/\/www.rops-bialystok.pl\/problemyspoleczne\/index.php?rest_route=%2Fwp%2Fv2%2Fmedia&parent=491"}],"curies":[{"name":"wp","href":"https:\/\/api.w.org\/{rel}","templated":true}]}}