{"id":690,"date":"2014-08-27T12:13:03","date_gmt":"2014-08-27T10:13:03","guid":{"rendered":"http:\/\/www.rops-bialystok.pl\/problemyspoleczne\/?page_id=690"},"modified":"2021-08-05T11:21:44","modified_gmt":"2021-08-05T09:21:44","slug":"udzial-swiadczen-pienieznych-do-ogolu-udzielanych-swiadczen","status":"publish","type":"page","link":"http:\/\/www.rops-bialystok.pl\/problemyspoleczne\/?page_id=690","title":{"rendered":"Udzia\u0142 % \u015bwiadcze\u0144 pieni\u0119\u017cnych do og\u00f3\u0142u udzielanych \u015bwiadcze\u0144"},"content":{"rendered":"<p><script type='text\/javascript' src='https:\/\/public.tableau.com\/javascripts\/api\/viz_v1.js'><\/script><\/p>\n<div class='tableauPlaceholder' style='width: 1000px; height: 800px;'><noscript><a href='#'><img alt=' ' src='https:&#47;&#47;public.tableau.com&#47;static&#47;images&#47;Ud&#47;Udziawiadczepieninychdooguprzyznanychwiadcze&#47;rok2020&#47;1_rss.png' style='border: none' \/><\/a><\/noscript><object class='tableauViz' width='1000' height='800' style='display:none;'><param name='host_url' value='https%3A%2F%2Fpublic.tableau.com%2F' \/><param name='site_root' value='' \/><param name='name' value='Udziawiadczepieninychdooguprzyznanychwiadcze&#47;rok2020' \/><param name='tabs' value='yes' \/><param name='toolbar' value='yes' \/><param name='static_image' value='https:&#47;&#47;public.tableau.com&#47;static&#47;images&#47;Ud&#47;Udziawiadczepieninychdooguprzyznanychwiadcze&#47;rok2020&#47;1.png' \/><param name='animate_transition' value='yes' \/><param name='display_static_image' value='yes' \/><param name='display_spinner' value='yes' \/><param name='display_overlay' value='yes' \/><param name='display_count' value='yes' \/><param name='showVizHome' value='no' \/><param name='showTabs' value='y' \/><param name='bootstrapWhenNotified' value='true' \/><\/object><\/div>\n","protected":false},"excerpt":{"rendered":"","protected":false},"author":5,"featured_media":0,"parent":0,"menu_order":0,"comment_status":"closed","ping_status":"closed","template":"","meta":[],"_links":{"self":[{"href":"http:\/\/www.rops-bialystok.pl\/problemyspoleczne\/index.php?rest_route=\/wp\/v2\/pages\/690"}],"collection":[{"href":"http:\/\/www.rops-bialystok.pl\/problemyspoleczne\/index.php?rest_route=\/wp\/v2\/pages"}],"about":[{"href":"http:\/\/www.rops-bialystok.pl\/problemyspoleczne\/index.php?rest_route=\/wp\/v2\/types\/page"}],"author":[{"embeddable":true,"href":"http:\/\/www.rops-bialystok.pl\/problemyspoleczne\/index.php?rest_route=\/wp\/v2\/users\/5"}],"replies":[{"embeddable":true,"href":"http:\/\/www.rops-bialystok.pl\/problemyspoleczne\/index.php?rest_route=%2Fwp%2Fv2%2Fcomments&post=690"}],"version-history":[{"count":13,"href":"http:\/\/www.rops-bialystok.pl\/problemyspoleczne\/index.php?rest_route=\/wp\/v2\/pages\/690\/revisions"}],"predecessor-version":[{"id":1014,"href":"http:\/\/www.rops-bialystok.pl\/problemyspoleczne\/index.php?rest_route=\/wp\/v2\/pages\/690\/revisions\/1014"}],"wp:attachment":[{"href":"http:\/\/www.rops-bialystok.pl\/problemyspoleczne\/index.php?rest_route=%2Fwp%2Fv2%2Fmedia&parent=690"}],"curies":[{"name":"wp","href":"https:\/\/api.w.org\/{rel}","templated":true}]}}