{"id":706,"date":"2014-08-27T12:18:47","date_gmt":"2014-08-27T10:18:47","guid":{"rendered":"http:\/\/www.rops-bialystok.pl\/problemyspoleczne\/?page_id=706"},"modified":"2021-08-11T08:40:17","modified_gmt":"2021-08-11T06:40:17","slug":"stosunek-udzielonej-pomocy-i-wsparcia-z-powodu-dlugotrwalej-lub-ciezkiej-choroby-do-ogolu-udzielonej-pomocy","status":"publish","type":"page","link":"http:\/\/www.rops-bialystok.pl\/problemyspoleczne\/?page_id=706","title":{"rendered":"Stosunek udzielonej pomocy i wsparcia z powodu d\u0142ugotrwa\u0142ej lub ci\u0119\u017ckiej choroby do og\u00f3\u0142u udzielonej pomocy"},"content":{"rendered":"<p><script type='text\/javascript' src='https:\/\/public.tableau.com\/javascripts\/api\/viz_v1.js'><\/script><\/p>\n<div class='tableauPlaceholder' style='width: 1000px; height: 800px;'><noscript><a href='#'><img alt=' ' src='https:&#47;&#47;public.tableau.com&#47;static&#47;images&#47;St&#47;Stosunekudzielonejpomocyiwsparciazpowodudugotrwaejlubcikiejchoroby&#47;Rok2020&#47;1_rss.png' style='border: none' \/><\/a><\/noscript><object class='tableauViz' width='1000' height='800' style='display:none;'><param name='host_url' value='https%3A%2F%2Fpublic.tableau.com%2F' \/><param name='path' value='views&#47;Stosunekudzielonejpomocyiwsparciazpowodudugotrwaejlubcikiejchoroby&#47;Rok2020' \/><param name='toolbar' value='yes' \/><param name='static_image' value='https:&#47;&#47;public.tableau.com&#47;static&#47;images&#47;St&#47;Stosunekudzielonejpomocyiwsparciazpowodudugotrwaejlubcikiejchoroby&#47;Rok2020&#47;1.png' \/><param name='animate_transition' value='yes' \/><param name='display_static_image' value='yes' \/><param name='display_spinner' value='yes' \/><param name='display_overlay' value='yes' \/><param name='display_count' value='yes' \/><param name='showVizHome' value='no' \/><param name='showTabs' value='y' \/><param name='bootstrapWhenNotified' value='true' \/><\/object><\/div>\n","protected":false},"excerpt":{"rendered":"","protected":false},"author":5,"featured_media":0,"parent":0,"menu_order":0,"comment_status":"closed","ping_status":"closed","template":"","meta":[],"_links":{"self":[{"href":"http:\/\/www.rops-bialystok.pl\/problemyspoleczne\/index.php?rest_route=\/wp\/v2\/pages\/706"}],"collection":[{"href":"http:\/\/www.rops-bialystok.pl\/problemyspoleczne\/index.php?rest_route=\/wp\/v2\/pages"}],"about":[{"href":"http:\/\/www.rops-bialystok.pl\/problemyspoleczne\/index.php?rest_route=\/wp\/v2\/types\/page"}],"author":[{"embeddable":true,"href":"http:\/\/www.rops-bialystok.pl\/problemyspoleczne\/index.php?rest_route=\/wp\/v2\/users\/5"}],"replies":[{"embeddable":true,"href":"http:\/\/www.rops-bialystok.pl\/problemyspoleczne\/index.php?rest_route=%2Fwp%2Fv2%2Fcomments&post=706"}],"version-history":[{"count":6,"href":"http:\/\/www.rops-bialystok.pl\/problemyspoleczne\/index.php?rest_route=\/wp\/v2\/pages\/706\/revisions"}],"predecessor-version":[{"id":1022,"href":"http:\/\/www.rops-bialystok.pl\/problemyspoleczne\/index.php?rest_route=\/wp\/v2\/pages\/706\/revisions\/1022"}],"wp:attachment":[{"href":"http:\/\/www.rops-bialystok.pl\/problemyspoleczne\/index.php?rest_route=%2Fwp%2Fv2%2Fmedia&parent=706"}],"curies":[{"name":"wp","href":"https:\/\/api.w.org\/{rel}","templated":true}]}}