{"id":671,"date":"2014-08-27T11:56:10","date_gmt":"2014-08-27T09:56:10","guid":{"rendered":"http:\/\/www.rops-bialystok.pl\/problemyspoleczne\/?page_id=671"},"modified":"2016-02-02T10:49:40","modified_gmt":"2016-02-02T09:49:40","slug":"dane-ogolne","status":"publish","type":"page","link":"https:\/\/www.rops-bialystok.pl\/problemyspoleczne\/","title":{"rendered":"Dane og\u00f3lne"},"content":{"rendered":"<p style=\"text-align: justify;\">Udost\u0119pniamy do Pa\u0144stwa dyspozycji portal Problemy spo\u0142eczne w wojew\u00f3dztwie podlaskim. Podstrona ta jest wynikiem analiz prowadzonych przez Regionalny O\u015brodek Polityki Spo\u0142ecznej w Bia\u0142ymstoku.<\/p>\n<p style=\"text-align: justify;\">Przedstawione wykresy zawieraj\u0105 analiz\u0119 danych pozyskanych od <strong>O\u015brodk\u00f3w Pomocy Spo\u0142ecznej<\/strong> i <strong>Powiatowych Centr\u00f3w Pomocy Rodzinie<\/strong> z terenu wojew\u00f3dztwa podlaskiego w ramach Oceny Zasob\u00f3w Pomocy Spo\u0142ecznej.<\/p>\n<p>Ocena, w szczeg\u00f3lno\u015bci prezentuje dane na temat os\u00f3b i rodzin korzystaj\u0105cych z pomocy spo\u0142ecznej oraz powody udzielonej pomocy.<\/p>\n<p>&nbsp;<\/p>\n<p>&nbsp;<\/p>\n<p>&nbsp;<\/p>\n<p>&nbsp;<\/p>\n<p>&nbsp;<\/p>\n","protected":false},"excerpt":{"rendered":"<p>Udost\u0119pniamy do Pa\u0144stwa dyspozycji portal Problemy spo\u0142eczne w wojew\u00f3dztwie podlaskim. Podstrona ta jest wynikiem analiz prowadzonych przez Regionalny O\u015brodek Polityki Spo\u0142ecznej w Bia\u0142ymstoku. Przedstawione wykresy zawieraj\u0105 analiz\u0119 danych pozyskanych od O\u015brodk\u00f3w Pomocy Spo\u0142ecznej i Powiatowych Centr\u00f3w Pomocy Rodzinie z terenu wojew\u00f3dztwa podlaskiego w ramach Oceny Zasob\u00f3w Pomocy Spo\u0142ecznej. Ocena, w szczeg\u00f3lno\u015bci prezentuje dane na temat &hellip; <a href=\"https:\/\/www.rops-bialystok.pl\/problemyspoleczne\/\" class=\"more-link\">Continue reading<span class=\"screen-reader-text\"> &#8222;Dane og\u00f3lne&#8221;<\/span><\/a><\/p>\n","protected":false},"author":5,"featured_media":0,"parent":0,"menu_order":0,"comment_status":"closed","ping_status":"closed","template":"","meta":[],"_links":{"self":[{"href":"https:\/\/www.rops-bialystok.pl\/problemyspoleczne\/index.php?rest_route=\/wp\/v2\/pages\/671"}],"collection":[{"href":"https:\/\/www.rops-bialystok.pl\/problemyspoleczne\/index.php?rest_route=\/wp\/v2\/pages"}],"about":[{"href":"https:\/\/www.rops-bialystok.pl\/problemyspoleczne\/index.php?rest_route=\/wp\/v2\/types\/page"}],"author":[{"embeddable":true,"href":"https:\/\/www.rops-bialystok.pl\/problemyspoleczne\/index.php?rest_route=\/wp\/v2\/users\/5"}],"replies":[{"embeddable":true,"href":"https:\/\/www.rops-bialystok.pl\/problemyspoleczne\/index.php?rest_route=%2Fwp%2Fv2%2Fcomments&post=671"}],"version-history":[{"count":14,"href":"https:\/\/www.rops-bialystok.pl\/problemyspoleczne\/index.php?rest_route=\/wp\/v2\/pages\/671\/revisions"}],"predecessor-version":[{"id":917,"href":"https:\/\/www.rops-bialystok.pl\/problemyspoleczne\/index.php?rest_route=\/wp\/v2\/pages\/671\/revisions\/917"}],"wp:attachment":[{"href":"https:\/\/www.rops-bialystok.pl\/problemyspoleczne\/index.php?rest_route=%2Fwp%2Fv2%2Fmedia&parent=671"}],"curies":[{"name":"wp","href":"https:\/\/api.w.org\/{rel}","templated":true}]}}